{"id":482,"date":"2020-06-30T16:04:46","date_gmt":"2020-06-30T14:04:46","guid":{"rendered":"http:\/\/neu.isoquick.de\/en\/?page_id=482"},"modified":"2026-01-23T08:08:44","modified_gmt":"2026-01-23T07:08:44","slug":"imprint","status":"publish","type":"page","link":"https:\/\/isoquick.de\/en\/imprint\/","title":{"rendered":"Imprint"},"content":{"rendered":"<div class=\"fusion-fullwidth fullwidth-box fusion-builder-row-1 nonhundred-percent-fullwidth non-hundred-percent-height-scrolling\" style=\"--awb-border-radius-top-left:0px;--awb-border-radius-top-right:0px;--awb-border-radius-bottom-right:0px;--awb-border-radius-bottom-left:0px;--awb-padding-top:90px;--awb-padding-bottom:60px;--awb-flex-wrap:wrap;\" ><div class=\"fusion-builder-row fusion-row\"><div class=\"fusion-layout-column fusion_builder_column fusion-builder-column-0 fusion_builder_column_1_1 1_1 fusion-one-full fusion-column-first fusion-column-last\" style=\"--awb-bg-size:cover;\"><div class=\"fusion-column-wrapper fusion-column-has-shadow fusion-flex-column-wrapper-legacy\"><div class=\"fusion-title title fusion-title-1 fusion-sep-none fusion-title-text fusion-title-size-one\"><h1 class=\"fusion-title-heading title-heading-left\" style=\"margin:0;\">Imprint<\/h1><\/div><div class=\"fusion-text fusion-text-1\" style=\"--awb-text-transform:none;\"><p>Peter Schr\u00f6der<br \/>\nISOQUICK<br \/>\nAm Hellenberg 26<br \/>\n56651 Niederzissen<\/p>\n<h2>Contact<\/h2>\n<p>Phone: +49 (0) 160-90 93 98 26<br \/>\nE-mail: info@isoquick.de<\/p>\n<h2>VAT ID<\/h2>\n<p>Sales tax identification number according to Sect. 27 a of the Sales Tax Law:<br \/>\nDE452238030<\/p>\n<h2>Information regarding professional liability insurance<\/h2>\n<h2>Dispute resolution proceedings in front of a consumer arbitration board<\/h2>\n<p>We are not willing or obliged to participate in dispute resolution proceedings in front of a consumer arbitration board.<\/p>\n<\/div><div class=\"fusion-clearfix\"><\/div><\/div><\/div><\/div><\/div>\n","protected":false},"excerpt":{"rendered":"","protected":false},"author":1,"featured_media":0,"parent":0,"menu_order":0,"comment_status":"closed","ping_status":"closed","template":"","meta":{"footnotes":""},"class_list":["post-482","page","type-page","status-publish","hentry"],"yoast_head":"<!-- This site is optimized with the Yoast SEO plugin v26.7 - https:\/\/yoast.com\/wordpress\/plugins\/seo\/ -->\n<title>Imprint | ISOQUICK\u00ae The Insulated Raft<\/title>\n<meta name=\"description\" content=\"Imprint: ISOQUICK GmbH &amp; Co. KG \u2022 Am Hellenberg 26 \u2022 56651 Niederzissen \u2706 02636\/941202 \u2709 info@isoquick.de\" \/>\n<meta name=\"robots\" content=\"index, follow, max-snippet:-1, max-image-preview:large, max-video-preview:-1\" \/>\n<link rel=\"canonical\" href=\"https:\/\/isoquick.de\/en\/imprint\/\" \/>\n<meta property=\"og:locale\" content=\"de_DE\" \/>\n<meta property=\"og:type\" content=\"article\" \/>\n<meta property=\"og:title\" content=\"Imprint | ISOQUICK\u00ae The Insulated Raft\" \/>\n<meta property=\"og:description\" content=\"Imprint: ISOQUICK GmbH &amp; Co. KG \u2022 Am Hellenberg 26 \u2022 56651 Niederzissen \u2706 02636\/941202 \u2709 info@isoquick.de\" \/>\n<meta property=\"og:url\" content=\"https:\/\/isoquick.de\/en\/imprint\/\" \/>\n<meta property=\"og:site_name\" content=\"ISOQUICK\" \/>\n<meta property=\"article:modified_time\" content=\"2026-01-23T07:08:44+00:00\" \/>\n<meta name=\"twitter:card\" content=\"summary_large_image\" \/>\n<meta name=\"twitter:label1\" content=\"Gesch\u00e4tzte Lesezeit\" \/>\n\t<meta name=\"twitter:data1\" content=\"1\u00a0Minute\" \/>\n<script type=\"application\/ld+json\" class=\"yoast-schema-graph\">{\"@context\":\"https:\/\/schema.org\",\"@graph\":[{\"@type\":\"WebPage\",\"@id\":\"https:\/\/isoquick.de\/en\/imprint\/\",\"url\":\"https:\/\/isoquick.de\/en\/imprint\/\",\"name\":\"Imprint | ISOQUICK\u00ae The Insulated Raft\",\"isPartOf\":{\"@id\":\"https:\/\/isoquick.de\/en\/#website\"},\"datePublished\":\"2020-06-30T14:04:46+00:00\",\"dateModified\":\"2026-01-23T07:08:44+00:00\",\"description\":\"Imprint: ISOQUICK GmbH & Co. KG \u2022 Am Hellenberg 26 \u2022 56651 Niederzissen \u2706 02636\/941202 \u2709 info@isoquick.de\",\"breadcrumb\":{\"@id\":\"https:\/\/isoquick.de\/en\/imprint\/#breadcrumb\"},\"inLanguage\":\"de\",\"potentialAction\":[{\"@type\":\"ReadAction\",\"target\":[\"https:\/\/isoquick.de\/en\/imprint\/\"]}]},{\"@type\":\"BreadcrumbList\",\"@id\":\"https:\/\/isoquick.de\/en\/imprint\/#breadcrumb\",\"itemListElement\":[{\"@type\":\"ListItem\",\"position\":1,\"name\":\"Startseite\",\"item\":\"https:\/\/isoquick.de\/en\/\"},{\"@type\":\"ListItem\",\"position\":2,\"name\":\"Imprint\"}]},{\"@type\":\"WebSite\",\"@id\":\"https:\/\/isoquick.de\/en\/#website\",\"url\":\"https:\/\/isoquick.de\/en\/\",\"name\":\"ISOQUICK\",\"description\":\"Das D\u00e4mmfundament f\u00fcr energieeffiziente Geb\u00e4ude\",\"potentialAction\":[{\"@type\":\"SearchAction\",\"target\":{\"@type\":\"EntryPoint\",\"urlTemplate\":\"https:\/\/isoquick.de\/en\/?s={search_term_string}\"},\"query-input\":{\"@type\":\"PropertyValueSpecification\",\"valueRequired\":true,\"valueName\":\"search_term_string\"}}],\"inLanguage\":\"de\"}]}<\/script>\n<!-- \/ Yoast SEO plugin. -->","yoast_head_json":{"title":"Imprint | ISOQUICK\u00ae The Insulated Raft","description":"Imprint: ISOQUICK GmbH & Co. KG \u2022 Am Hellenberg 26 \u2022 56651 Niederzissen \u2706 02636\/941202 \u2709 info@isoquick.de","robots":{"index":"index","follow":"follow","max-snippet":"max-snippet:-1","max-image-preview":"max-image-preview:large","max-video-preview":"max-video-preview:-1"},"canonical":"https:\/\/isoquick.de\/en\/imprint\/","og_locale":"de_DE","og_type":"article","og_title":"Imprint | ISOQUICK\u00ae The Insulated Raft","og_description":"Imprint: ISOQUICK GmbH & Co. KG \u2022 Am Hellenberg 26 \u2022 56651 Niederzissen \u2706 02636\/941202 \u2709 info@isoquick.de","og_url":"https:\/\/isoquick.de\/en\/imprint\/","og_site_name":"ISOQUICK","article_modified_time":"2026-01-23T07:08:44+00:00","twitter_card":"summary_large_image","twitter_misc":{"Gesch\u00e4tzte Lesezeit":"1\u00a0Minute"},"schema":{"@context":"https:\/\/schema.org","@graph":[{"@type":"WebPage","@id":"https:\/\/isoquick.de\/en\/imprint\/","url":"https:\/\/isoquick.de\/en\/imprint\/","name":"Imprint | ISOQUICK\u00ae The Insulated Raft","isPartOf":{"@id":"https:\/\/isoquick.de\/en\/#website"},"datePublished":"2020-06-30T14:04:46+00:00","dateModified":"2026-01-23T07:08:44+00:00","description":"Imprint: ISOQUICK GmbH & Co. KG \u2022 Am Hellenberg 26 \u2022 56651 Niederzissen \u2706 02636\/941202 \u2709 info@isoquick.de","breadcrumb":{"@id":"https:\/\/isoquick.de\/en\/imprint\/#breadcrumb"},"inLanguage":"de","potentialAction":[{"@type":"ReadAction","target":["https:\/\/isoquick.de\/en\/imprint\/"]}]},{"@type":"BreadcrumbList","@id":"https:\/\/isoquick.de\/en\/imprint\/#breadcrumb","itemListElement":[{"@type":"ListItem","position":1,"name":"Startseite","item":"https:\/\/isoquick.de\/en\/"},{"@type":"ListItem","position":2,"name":"Imprint"}]},{"@type":"WebSite","@id":"https:\/\/isoquick.de\/en\/#website","url":"https:\/\/isoquick.de\/en\/","name":"ISOQUICK","description":"Das D\u00e4mmfundament f\u00fcr energieeffiziente Geb\u00e4ude","potentialAction":[{"@type":"SearchAction","target":{"@type":"EntryPoint","urlTemplate":"https:\/\/isoquick.de\/en\/?s={search_term_string}"},"query-input":{"@type":"PropertyValueSpecification","valueRequired":true,"valueName":"search_term_string"}}],"inLanguage":"de"}]}},"_links":{"self":[{"href":"https:\/\/isoquick.de\/en\/wp-json\/wp\/v2\/pages\/482","targetHints":{"allow":["GET"]}}],"collection":[{"href":"https:\/\/isoquick.de\/en\/wp-json\/wp\/v2\/pages"}],"about":[{"href":"https:\/\/isoquick.de\/en\/wp-json\/wp\/v2\/types\/page"}],"author":[{"embeddable":true,"href":"https:\/\/isoquick.de\/en\/wp-json\/wp\/v2\/users\/1"}],"replies":[{"embeddable":true,"href":"https:\/\/isoquick.de\/en\/wp-json\/wp\/v2\/comments?post=482"}],"version-history":[{"count":9,"href":"https:\/\/isoquick.de\/en\/wp-json\/wp\/v2\/pages\/482\/revisions"}],"predecessor-version":[{"id":610,"href":"https:\/\/isoquick.de\/en\/wp-json\/wp\/v2\/pages\/482\/revisions\/610"}],"wp:attachment":[{"href":"https:\/\/isoquick.de\/en\/wp-json\/wp\/v2\/media?parent=482"}],"curies":[{"name":"wp","href":"https:\/\/api.w.org\/{rel}","templated":true}]}}