{"id":433,"date":"2020-04-23T15:42:22","date_gmt":"2020-04-23T13:42:22","guid":{"rendered":"http:\/\/neu.isoquick.de\/en\/?page_id=433"},"modified":"2024-08-26T10:44:33","modified_gmt":"2024-08-26T08:44:33","slug":"contact","status":"publish","type":"page","link":"https:\/\/isoquick.de\/en\/contact\/","title":{"rendered":"Contact"},"content":{"rendered":"<p><div class=\"fusion-fullwidth fullwidth-box fusion-builder-row-1 hundred-percent-fullwidth non-hundred-percent-height-scrolling\" style=\"--awb-border-radius-top-left:0px;--awb-border-radius-top-right:0px;--awb-border-radius-bottom-right:0px;--awb-border-radius-bottom-left:0px;--awb-padding-top:0px;--awb-padding-right:0px;--awb-padding-bottom:0px;--awb-padding-left:0px;--awb-margin-top:0px;--awb-margin-bottom:0px;--awb-flex-wrap:wrap;\" ><div class=\"fusion-builder-row fusion-row\"><div class=\"fusion-layout-column fusion_builder_column fusion-builder-column-0 fusion_builder_column_1_1 1_1 fusion-one-full fusion-column-first fusion-column-last\" style=\"--awb-bg-size:cover;\"><div class=\"fusion-column-wrapper fusion-column-has-shadow fusion-flex-column-wrapper-legacy\"><div class=\"BorlabsCookie _brlbs-cb-default\"><div class=\"_brlbs-content-blocker\"> <div class=\"_brlbs-default\"> <p>Klicken Sie auf den unteren Button, um den Inhalt von umap.openstreetmap.de zu laden.<\/p> <p><a class=\"_brlbs-btn\" href=\"#\" data-borlabs-cookie-unblock role=\"button\">Inhalt laden<\/a><\/p> <\/div> <\/div><div class=\"borlabs-hide\" data-borlabs-cookie-type=\"content-blocker\" data-borlabs-cookie-id=\"default\"><script type=\"text\/template\">PGlmcmFtZSB3aWR0aD0iMTAwJSIgaGVpZ2h0PSI0NTBweCIgZnJhbWVib3JkZXI9IjAiIGFsbG93ZnVsbHNjcmVlbiBzcmM9Ii8vdW1hcC5vcGVuc3RyZWV0bWFwLmRlL2RlL21hcC91bmJlbmFubnRlLWthcnRlXzMxMzQzP3NjYWxlQ29udHJvbD1mYWxzZSZtaW5pTWFwPWZhbHNlJnNjcm9sbFdoZWVsWm9vbT1mYWxzZSZ6b29tQ29udHJvbD10cnVlJmFsbG93RWRpdD1mYWxzZSZtb3JlQ29udHJvbD1mYWxzZSZzZWFyY2hDb250cm9sPW51bGwmdGlsZWxheWVyc0NvbnRyb2w9bnVsbCZlbWJlZENvbnRyb2w9bnVsbCZkYXRhbGF5ZXJzQ29udHJvbD1udWxsJm9uTG9hZFBhbmVsPXVuZGVmaW5lZCZjYXB0aW9uQmFyPWZhbHNlIj48L2lmcmFtZT4=<\/script><\/div><\/div><div class=\"fusion-clearfix\"><\/div><\/div><\/div><\/div><\/div><div class=\"fusion-fullwidth fullwidth-box fusion-builder-row-2 nonhundred-percent-fullwidth non-hundred-percent-height-scrolling\" style=\"--awb-border-radius-top-left:0px;--awb-border-radius-top-right:0px;--awb-border-radius-bottom-right:0px;--awb-border-radius-bottom-left:0px;--awb-padding-top:90px;--awb-padding-bottom:60px;--awb-flex-wrap:wrap;\" ><div class=\"fusion-builder-row fusion-row\"><div class=\"fusion-layout-column fusion_builder_column fusion-builder-column-1 fusion_builder_column_1_1 1_1 fusion-one-full fusion-column-first fusion-column-last\" style=\"--awb-bg-size:cover;\"><div class=\"fusion-column-wrapper fusion-column-has-shadow fusion-flex-column-wrapper-legacy\"><div class=\"fusion-title title fusion-title-1 fusion-sep-none fusion-title-text fusion-title-size-one\"><h1 class=\"fusion-title-heading title-heading-left\" style=\"margin:0;\">Contact<\/h1><\/div><div class=\"fusion-text fusion-text-1\" style=\"--awb-text-transform:none;\"><p><span class=\"fw600\">Still some questions? Use our hotline: +49 (0) 160-90 93 98 26 or +44 (0) 121 288 5965 for UK + IRE<\/span><\/p>\n<p>Or by E-Mail: info[at]isoquick.de or sales[at]isoquick.co.uk (UK + IRE)<\/p>\n<p>Please fill in your details below and we will contact you as soon as possible<\/p>\n<\/div>\n<div class=\"wpcf7 no-js\" id=\"wpcf7-f522-o1\" lang=\"de-DE\" dir=\"ltr\" data-wpcf7-id=\"522\">\n<div class=\"screen-reader-response\"><p role=\"status\" aria-live=\"polite\" aria-atomic=\"true\"><\/p> <ul><\/ul><\/div>\n<form action=\"\/en\/wp-json\/wp\/v2\/pages\/433#wpcf7-f522-o1\" method=\"post\" class=\"wpcf7-form init\" aria-label=\"Kontaktformular\" novalidate=\"novalidate\" data-status=\"init\">\n<fieldset class=\"hidden-fields-container\"><input type=\"hidden\" name=\"_wpcf7\" value=\"522\" \/><input type=\"hidden\" name=\"_wpcf7_version\" value=\"6.1.4\" \/><input type=\"hidden\" name=\"_wpcf7_locale\" value=\"de_DE\" \/><input type=\"hidden\" name=\"_wpcf7_unit_tag\" value=\"wpcf7-f522-o1\" \/><input type=\"hidden\" name=\"_wpcf7_container_post\" value=\"0\" \/><input type=\"hidden\" name=\"_wpcf7_posted_data_hash\" value=\"\" \/><input type=\"hidden\" name=\"_wpcf7_recaptcha_response\" value=\"\" \/>\n<\/fieldset>\n<div class=\"fusion-layout-column fusion_builder_column fusion_builder_column_1_2 fusion-builder-column-19 fusion-one-half fusion-column-first 1_2\" style=\"margin-top:0px;margin-bottom:0px;width:50%;width:calc(50% - ( ( 4% ) * 0.5 ) );margin-right: 4%;\">\n\t<div class=\"fusion-column-wrapper\" style=\"padding: 0px; background-position: left top; background-repeat: no-repeat; background-size: cover; height: auto;\">\n\t\t<p><label>Title<\/label><br \/>\n<span class=\"wpcf7-form-control-wrap\" data-name=\"anrede\"><select class=\"wpcf7-form-control wpcf7-select\" aria-invalid=\"false\" name=\"anrede\"><option value=\"Mr\">Mr<\/option><option value=\"Ms\">Ms<\/option><\/select><\/span>\n\t\t<\/p>\n\t\t<p><label>First Name*<\/label><br \/>\n<span class=\"wpcf7-form-control-wrap\" data-name=\"vorname\"><input size=\"40\" maxlength=\"400\" class=\"wpcf7-form-control wpcf7-text wpcf7-validates-as-required\" aria-required=\"true\" aria-invalid=\"false\" value=\"\" type=\"text\" name=\"vorname\" \/><\/span>\n\t\t<\/p>\n\t\t<p><label>Surname*<\/label><br \/>\n<span class=\"wpcf7-form-control-wrap\" data-name=\"nachname\"><input size=\"40\" maxlength=\"400\" class=\"wpcf7-form-control wpcf7-text wpcf7-validates-as-required\" aria-required=\"true\" aria-invalid=\"false\" value=\"\" type=\"text\" name=\"nachname\" \/><\/span>\n\t\t<\/p>\n\t\t<p><label>Company<\/label><br \/>\n<span class=\"wpcf7-form-control-wrap\" data-name=\"firma\"><input size=\"40\" maxlength=\"400\" class=\"wpcf7-form-control wpcf7-text\" aria-invalid=\"false\" value=\"\" type=\"text\" name=\"firma\" \/><\/span>\n\t\t<\/p>\n\t\t<p><span id=\"wpcf7-69ea1b4d0742a-wrapper\" class=\"wpcf7-form-control-wrap beruf-wrap\" style=\"display:none !important; visibility:hidden !important;\"><label for=\"wpcf7-69ea1b4d0742a-field\" class=\"hp-message\">Bitte lasse dieses Feld leer.<\/label><input id=\"wpcf7-69ea1b4d0742a-field\"  class=\"wpcf7-form-control wpcf7-text\" type=\"text\" name=\"beruf\" value=\"\" size=\"40\" tabindex=\"-1\" autocomplete=\"new-password\" \/><\/span>\n\t\t<\/p>\n\t\t<p><label>Street \/ PO box*<\/label><br \/>\n<span class=\"wpcf7-form-control-wrap\" data-name=\"str\"><input size=\"40\" maxlength=\"400\" class=\"wpcf7-form-control wpcf7-text wpcf7-validates-as-required\" aria-required=\"true\" aria-invalid=\"false\" value=\"\" type=\"text\" name=\"str\" \/><\/span>\n\t\t<\/p>\n\t\t<p><label>Post code*<\/label><br \/>\n<span class=\"wpcf7-form-control-wrap\" data-name=\"plz\"><input size=\"40\" maxlength=\"400\" class=\"wpcf7-form-control wpcf7-text wpcf7-validates-as-required\" aria-required=\"true\" aria-invalid=\"false\" value=\"\" type=\"text\" name=\"plz\" \/><\/span>\n\t\t<\/p>\n\t\t<p><label>City*<\/label><br \/>\n<span class=\"wpcf7-form-control-wrap\" data-name=\"ort\"><input size=\"40\" maxlength=\"400\" class=\"wpcf7-form-control wpcf7-text wpcf7-validates-as-required\" aria-required=\"true\" aria-invalid=\"false\" value=\"\" type=\"text\" name=\"ort\" \/><\/span>\n\t\t<\/p>\n\t\t<p><label>Country*<\/label><br \/>\n<span class=\"wpcf7-form-control-wrap\" data-name=\"land\"><input size=\"40\" maxlength=\"400\" class=\"wpcf7-form-control wpcf7-text wpcf7-validates-as-required\" aria-required=\"true\" aria-invalid=\"false\" value=\"\" type=\"text\" name=\"land\" \/><\/span>\n\t\t<\/p>\n\t<\/div>\n<\/div>\n<div class=\"fusion-layout-column fusion_builder_column fusion_builder_column_1_2 fusion-builder-column-20 fusion-one-half fusion-column-last 1_2\" style=\"margin-top:0px;margin-bottom:0px;width:50%;width:calc(50% - ( ( 4% ) * 0.5 ) );\">\n\t<div class=\"fusion-column-wrapper\" style=\"padding: 0px; background-position: left top; background-repeat: no-repeat; background-size: cover; height: auto;\">\n\t\t<p><label>Phone*<\/label><br \/>\n<span class=\"wpcf7-form-control-wrap\" data-name=\"tel\"><input size=\"40\" maxlength=\"400\" class=\"wpcf7-form-control wpcf7-tel wpcf7-validates-as-required wpcf7-text wpcf7-validates-as-tel\" aria-required=\"true\" aria-invalid=\"false\" value=\"\" type=\"tel\" name=\"tel\" \/><\/span>\n\t\t<\/p>\n\t\t<p><label>Fax<\/label><br \/>\n<span class=\"wpcf7-form-control-wrap\" data-name=\"fax\"><input size=\"40\" maxlength=\"400\" class=\"wpcf7-form-control wpcf7-tel wpcf7-text wpcf7-validates-as-tel\" aria-invalid=\"false\" value=\"\" type=\"tel\" name=\"fax\" \/><\/span>\n\t\t<\/p>\n\t\t<p><label>Mobile<\/label><br \/>\n<span class=\"wpcf7-form-control-wrap\" data-name=\"mobil\"><input size=\"40\" maxlength=\"400\" class=\"wpcf7-form-control wpcf7-tel wpcf7-text wpcf7-validates-as-tel\" aria-invalid=\"false\" value=\"\" type=\"tel\" name=\"mobil\" \/><\/span>\n\t\t<\/p>\n\t\t<p><label>E-Mail*<\/label><br \/>\n<span class=\"wpcf7-form-control-wrap\" data-name=\"email\"><input size=\"40\" maxlength=\"400\" class=\"wpcf7-form-control wpcf7-email wpcf7-validates-as-required wpcf7-text wpcf7-validates-as-email\" aria-required=\"true\" aria-invalid=\"false\" value=\"\" type=\"email\" name=\"email\" \/><\/span>\n\t\t<\/p>\n\t\t<p><label>Homepage<\/label><br \/>\n<span class=\"wpcf7-form-control-wrap\" data-name=\"url\"><input size=\"40\" maxlength=\"400\" class=\"wpcf7-form-control wpcf7-url wpcf7-text wpcf7-validates-as-url\" aria-invalid=\"false\" value=\"\" type=\"url\" name=\"url\" \/><\/span>\n\t\t<\/p>\n\t\t<p><label>Concerning<br \/>\n<\/label><br \/>\n<span class=\"wpcf7-form-control-wrap\" data-name=\"checkbox\"><span class=\"wpcf7-form-control wpcf7-checkbox\"><span class=\"wpcf7-list-item first\"><input type=\"checkbox\" name=\"checkbox[]\" value=\"commercial construction\" \/><span class=\"wpcf7-list-item-label\">commercial construction<\/span><\/span><span class=\"wpcf7-list-item\"><input type=\"checkbox\" name=\"checkbox[]\" value=\"residential construction\" \/><span class=\"wpcf7-list-item-label\">residential construction<\/span><\/span><span class=\"wpcf7-list-item last\"><input type=\"checkbox\" name=\"checkbox[]\" value=\"please call me back\" \/><span class=\"wpcf7-list-item-label\">please call me back<\/span><\/span><\/span><\/span>\n\t\t<\/p>\n\t<\/div>\n<\/div>\n<div class=\"clear\">\n<\/div>\n<p><label>Comments<\/label><br \/>\n<span class=\"wpcf7-form-control-wrap\" data-name=\"textarea\"><textarea cols=\"40\" rows=\"10\" maxlength=\"2000\" class=\"wpcf7-form-control wpcf7-textarea\" aria-invalid=\"false\" name=\"textarea\"><\/textarea><\/span>\n<\/p>\n<p><span class=\"wpcf7-form-control-wrap\" data-name=\"acceptance-234\"><span class=\"wpcf7-form-control wpcf7-acceptance\"><span class=\"wpcf7-list-item\"><label><input type=\"checkbox\" name=\"acceptance-234\" value=\"1\" aria-invalid=\"false\" \/><span class=\"wpcf7-list-item-label\">I request the <a href=\"https:\/\/isoquick.de\/en\/privacy-policy\/\" target=\"_blank\">privacy policy<\/a> regulations.*<\/span><\/label><\/span><\/span><\/span>\n<\/p>\n<p><input class=\"wpcf7-form-control wpcf7-submit has-spinner\" type=\"submit\" value=\"Send\" \/>\n<\/p><div class=\"fusion-alert alert custom alert-custom fusion-alert-center wpcf7-response-output awb-alert-native-link-color alert-dismissable awb-alert-close-boxed\" style=\"--awb-border-size:1px;--awb-border-top-left-radius:0px;--awb-border-top-right-radius:0px;--awb-border-bottom-left-radius:0px;--awb-border-bottom-right-radius:0px;\" role=\"alert\"><div class=\"fusion-alert-content-wrapper\"><span class=\"fusion-alert-content\"><\/span><\/div><button type=\"button\" class=\"close toggle-alert\" data-dismiss=\"alert\" aria-label=\"Close\">&times;<\/button><\/div>\n<\/form>\n<\/div>\n<div class=\"BorlabsCookie _brlbs-cb-recaptcha\"><div class=\"_brlbs-content-blocker\"> <div class=\"_brlbs-default\"> <p>To submit the form, Google reCAPTCHA must be loaded. <br><a href=\"https:\/\/policies.google.com\/privacy?hl=de\" target=\"_blank\" rel=\"nofollow noopener noreferrer\">Google reCAPTCHA privacy policy<\/a><\/p> <p><a class=\"_brlbs-btn\" href=\"#\" data-borlabs-cookie-unblock role=\"button\">Load Google reCAPTCHA<\/a><\/p> <\/div> <\/div><div class=\"borlabs-hide\" data-borlabs-cookie-type=\"content-blocker\" data-borlabs-cookie-id=\"recaptcha\"><script type=\"text\/template\">R29vZ2xlIHJlQ0FQVENIQSBoYXMgbG9hZGVk<\/script><\/div><\/div><div class=\"fusion-clearfix\"><\/div><\/div><\/div><\/div><\/div><\/p>\n","protected":false},"excerpt":{"rendered":"","protected":false},"author":1,"featured_media":0,"parent":0,"menu_order":0,"comment_status":"closed","ping_status":"closed","template":"100-width.php","meta":{"footnotes":""},"class_list":["post-433","page","type-page","status-publish","hentry"],"yoast_head":"<!-- This site is optimized with the Yoast SEO plugin v26.7 - https:\/\/yoast.com\/wordpress\/plugins\/seo\/ -->\n<title>Floor slab insulation for energy efficiency | Contact | ISOQUICK\u00ae<\/title>\n<meta name=\"description\" content=\"Floor slab insulation for energy efficient buildings with ISOQUICK\u00ae \u27bd consultation, production and installation of insulating foundations from single source\" \/>\n<meta name=\"robots\" content=\"index, follow, max-snippet:-1, max-image-preview:large, max-video-preview:-1\" \/>\n<link rel=\"canonical\" href=\"https:\/\/isoquick.de\/en\/contact\/\" \/>\n<meta property=\"og:locale\" content=\"de_DE\" \/>\n<meta property=\"og:type\" content=\"article\" \/>\n<meta property=\"og:title\" content=\"Floor slab insulation for energy efficiency | Contact | ISOQUICK\u00ae\" \/>\n<meta property=\"og:description\" content=\"Floor slab insulation for energy efficient buildings with ISOQUICK\u00ae \u27bd consultation, production and installation of insulating foundations from single source\" \/>\n<meta property=\"og:url\" content=\"https:\/\/isoquick.de\/en\/contact\/\" \/>\n<meta property=\"og:site_name\" content=\"ISOQUICK\" \/>\n<meta property=\"article:modified_time\" content=\"2024-08-26T08:44:33+00:00\" \/>\n<meta name=\"twitter:card\" content=\"summary_large_image\" \/>\n<meta name=\"twitter:label1\" content=\"Gesch\u00e4tzte Lesezeit\" \/>\n\t<meta name=\"twitter:data1\" content=\"1\u00a0Minute\" \/>\n<script type=\"application\/ld+json\" class=\"yoast-schema-graph\">{\"@context\":\"https:\/\/schema.org\",\"@graph\":[{\"@type\":\"WebPage\",\"@id\":\"https:\/\/isoquick.de\/en\/contact\/\",\"url\":\"https:\/\/isoquick.de\/en\/contact\/\",\"name\":\"Floor slab insulation for energy efficiency | Contact | ISOQUICK\u00ae\",\"isPartOf\":{\"@id\":\"https:\/\/isoquick.de\/en\/#website\"},\"datePublished\":\"2020-04-23T13:42:22+00:00\",\"dateModified\":\"2024-08-26T08:44:33+00:00\",\"description\":\"Floor slab insulation for energy efficient buildings with ISOQUICK\u00ae \u27bd consultation, production and installation of insulating foundations from single source\",\"breadcrumb\":{\"@id\":\"https:\/\/isoquick.de\/en\/contact\/#breadcrumb\"},\"inLanguage\":\"de\",\"potentialAction\":[{\"@type\":\"ReadAction\",\"target\":[\"https:\/\/isoquick.de\/en\/contact\/\"]}]},{\"@type\":\"BreadcrumbList\",\"@id\":\"https:\/\/isoquick.de\/en\/contact\/#breadcrumb\",\"itemListElement\":[{\"@type\":\"ListItem\",\"position\":1,\"name\":\"Startseite\",\"item\":\"https:\/\/isoquick.de\/en\/\"},{\"@type\":\"ListItem\",\"position\":2,\"name\":\"Contact\"}]},{\"@type\":\"WebSite\",\"@id\":\"https:\/\/isoquick.de\/en\/#website\",\"url\":\"https:\/\/isoquick.de\/en\/\",\"name\":\"ISOQUICK\",\"description\":\"Das D\u00e4mmfundament f\u00fcr energieeffiziente Geb\u00e4ude\",\"potentialAction\":[{\"@type\":\"SearchAction\",\"target\":{\"@type\":\"EntryPoint\",\"urlTemplate\":\"https:\/\/isoquick.de\/en\/?s={search_term_string}\"},\"query-input\":{\"@type\":\"PropertyValueSpecification\",\"valueRequired\":true,\"valueName\":\"search_term_string\"}}],\"inLanguage\":\"de\"}]}<\/script>\n<!-- \/ Yoast SEO plugin. -->","yoast_head_json":{"title":"Floor slab insulation for energy efficiency | Contact | ISOQUICK\u00ae","description":"Floor slab insulation for energy efficient buildings with ISOQUICK\u00ae \u27bd consultation, production and installation of insulating foundations from single source","robots":{"index":"index","follow":"follow","max-snippet":"max-snippet:-1","max-image-preview":"max-image-preview:large","max-video-preview":"max-video-preview:-1"},"canonical":"https:\/\/isoquick.de\/en\/contact\/","og_locale":"de_DE","og_type":"article","og_title":"Floor slab insulation for energy efficiency | Contact | ISOQUICK\u00ae","og_description":"Floor slab insulation for energy efficient buildings with ISOQUICK\u00ae \u27bd consultation, production and installation of insulating foundations from single source","og_url":"https:\/\/isoquick.de\/en\/contact\/","og_site_name":"ISOQUICK","article_modified_time":"2024-08-26T08:44:33+00:00","twitter_card":"summary_large_image","twitter_misc":{"Gesch\u00e4tzte Lesezeit":"1\u00a0Minute"},"schema":{"@context":"https:\/\/schema.org","@graph":[{"@type":"WebPage","@id":"https:\/\/isoquick.de\/en\/contact\/","url":"https:\/\/isoquick.de\/en\/contact\/","name":"Floor slab insulation for energy efficiency | Contact | ISOQUICK\u00ae","isPartOf":{"@id":"https:\/\/isoquick.de\/en\/#website"},"datePublished":"2020-04-23T13:42:22+00:00","dateModified":"2024-08-26T08:44:33+00:00","description":"Floor slab insulation for energy efficient buildings with ISOQUICK\u00ae \u27bd consultation, production and installation of insulating foundations from single source","breadcrumb":{"@id":"https:\/\/isoquick.de\/en\/contact\/#breadcrumb"},"inLanguage":"de","potentialAction":[{"@type":"ReadAction","target":["https:\/\/isoquick.de\/en\/contact\/"]}]},{"@type":"BreadcrumbList","@id":"https:\/\/isoquick.de\/en\/contact\/#breadcrumb","itemListElement":[{"@type":"ListItem","position":1,"name":"Startseite","item":"https:\/\/isoquick.de\/en\/"},{"@type":"ListItem","position":2,"name":"Contact"}]},{"@type":"WebSite","@id":"https:\/\/isoquick.de\/en\/#website","url":"https:\/\/isoquick.de\/en\/","name":"ISOQUICK","description":"Das D\u00e4mmfundament f\u00fcr energieeffiziente Geb\u00e4ude","potentialAction":[{"@type":"SearchAction","target":{"@type":"EntryPoint","urlTemplate":"https:\/\/isoquick.de\/en\/?s={search_term_string}"},"query-input":{"@type":"PropertyValueSpecification","valueRequired":true,"valueName":"search_term_string"}}],"inLanguage":"de"}]}},"_links":{"self":[{"href":"https:\/\/isoquick.de\/en\/wp-json\/wp\/v2\/pages\/433","targetHints":{"allow":["GET"]}}],"collection":[{"href":"https:\/\/isoquick.de\/en\/wp-json\/wp\/v2\/pages"}],"about":[{"href":"https:\/\/isoquick.de\/en\/wp-json\/wp\/v2\/types\/page"}],"author":[{"embeddable":true,"href":"https:\/\/isoquick.de\/en\/wp-json\/wp\/v2\/users\/1"}],"replies":[{"embeddable":true,"href":"https:\/\/isoquick.de\/en\/wp-json\/wp\/v2\/comments?post=433"}],"version-history":[{"count":19,"href":"https:\/\/isoquick.de\/en\/wp-json\/wp\/v2\/pages\/433\/revisions"}],"predecessor-version":[{"id":585,"href":"https:\/\/isoquick.de\/en\/wp-json\/wp\/v2\/pages\/433\/revisions\/585"}],"wp:attachment":[{"href":"https:\/\/isoquick.de\/en\/wp-json\/wp\/v2\/media?parent=433"}],"curies":[{"name":"wp","href":"https:\/\/api.w.org\/{rel}","templated":true}]}}