{"id":16,"date":"2020-04-06T15:16:26","date_gmt":"2020-04-06T13:16:26","guid":{"rendered":"http:\/\/neu.isoquick.de\/en\/?page_id=16"},"modified":"2026-01-15T13:15:35","modified_gmt":"2026-01-15T12:15:35","slug":"insulated-raft","status":"publish","type":"page","link":"https:\/\/isoquick.de\/en\/insulated-raft\/","title":{"rendered":"Insulated Raft"},"content":{"rendered":"<p><div class=\"fusion-fullwidth fullwidth-box fusion-builder-row-1 fusion-flex-container has-pattern-background has-mask-background fusion-parallax-none nonhundred-percent-fullwidth non-hundred-percent-height-scrolling\" style=\"--awb-background-position:center top;--awb-border-radius-top-left:0px;--awb-border-radius-top-right:0px;--awb-border-radius-bottom-right:0px;--awb-border-radius-bottom-left:0px;--awb-padding-top:180px;--awb-padding-bottom:60px;--awb-background-image:url(&quot;https:\/\/isoquick.de\/en\/wp-content\/uploads\/2020\/04\/slide_1-scaled.jpg&quot;);--awb-background-size:cover;--awb-flex-wrap:wrap;\" ><div class=\"fusion-builder-row fusion-row fusion-flex-align-items-flex-start fusion-flex-content-wrap\" style=\"max-width:1248px;margin-left: calc(-4% \/ 2 );margin-right: calc(-4% \/ 2 );\"><div class=\"fusion-layout-column fusion_builder_column fusion-builder-column-0 fusion_builder_column_4_5 4_5 fusion-flex-column\" style=\"--awb-padding-top:20px;--awb-padding-right:20px;--awb-padding-bottom:20px;--awb-padding-left:20px;--awb-bg-color:var(--awb-color1);--awb-bg-color-hover:var(--awb-color1);--awb-bg-size:cover;--awb-width-large:80%;--awb-margin-top-large:0px;--awb-spacing-right-large:2.4%;--awb-margin-bottom-large:0px;--awb-spacing-left-large:2.4%;--awb-width-medium:100%;--awb-order-medium:0;--awb-spacing-right-medium:1.92%;--awb-spacing-left-medium:1.92%;--awb-width-small:100%;--awb-order-small:0;--awb-spacing-right-small:1.92%;--awb-spacing-left-small:1.92%;\" data-scroll-devices=\"small-visibility,medium-visibility,large-visibility\"><div class=\"fusion-column-wrapper fusion-column-has-shadow fusion-flex-justify-content-flex-start fusion-content-layout-column\"><div class=\"fusion-title title fusion-title-1 fusion-sep-none fusion-title-text fusion-title-size-one\" style=\"--awb-margin-top:0px;--awb-margin-bottom:0px;--awb-margin-top-small:0px;--awb-margin-bottom-small:0px;\"><h1 class=\"fusion-title-heading title-heading-left\" style=\"margin:0;\">The insulating foundation for energy efficient buildings<\/h1><\/div><\/div><\/div><div class=\"fusion-layout-column fusion_builder_column fusion-builder-column-1 fusion_builder_column_4_5 4_5 fusion-flex-column\" style=\"--awb-padding-top:20px;--awb-padding-right:20px;--awb-padding-bottom:20px;--awb-padding-left:20px;--awb-bg-color:var(--awb-custom11);--awb-bg-color-hover:var(--awb-custom11);--awb-bg-size:cover;--awb-width-large:80%;--awb-margin-top-large:0px;--awb-spacing-right-large:2.4%;--awb-margin-bottom-large:0px;--awb-spacing-left-large:2.4%;--awb-width-medium:100%;--awb-order-medium:0;--awb-spacing-right-medium:1.92%;--awb-spacing-left-medium:1.92%;--awb-width-small:100%;--awb-order-small:0;--awb-spacing-right-small:1.92%;--awb-spacing-left-small:1.92%;\" data-scroll-devices=\"small-visibility,medium-visibility,large-visibility\"><div class=\"fusion-column-wrapper fusion-column-has-shadow fusion-flex-justify-content-flex-start fusion-content-layout-column\"><div class=\"fusion-text fusion-text-1 fusion-text-no-margin\" style=\"--awb-text-color:var(--awb-color1);\"><p>If you want to save energy in the future, you must literally start from the bottom up, since thermal insulation always begins at the foundation.<\/p>\n<\/div><\/div><\/div><\/div><\/div>\n<div class=\"fusion-fullwidth fullwidth-box fusion-builder-row-2 nonhundred-percent-fullwidth non-hundred-percent-height-scrolling\" style=\"--awb-border-radius-top-left:0px;--awb-border-radius-top-right:0px;--awb-border-radius-bottom-right:0px;--awb-border-radius-bottom-left:0px;--awb-padding-top:90px;--awb-padding-bottom:60px;--awb-flex-wrap:wrap;\" ><div class=\"fusion-builder-row fusion-row\"><div class=\"fusion-layout-column fusion_builder_column fusion-builder-column-2 fusion_builder_column_1_1 1_1 fusion-one-full fusion-column-first fusion-column-last\" style=\"--awb-bg-size:cover;\"><div class=\"fusion-column-wrapper fusion-column-has-shadow fusion-flex-column-wrapper-legacy\"><div class=\"fusion-title title fusion-title-2 fusion-sep-none fusion-title-text fusion-title-size-one\"><h1 class=\"fusion-title-heading title-heading-left\" style=\"margin:0;\">Insulated Raft<\/h1><\/div><div class=\"fusion-clearfix\"><\/div><\/div><\/div><div class=\"fusion-layout-column fusion_builder_column fusion-builder-column-3 fusion_builder_column_1_3 1_3 fusion-one-third fusion-column-first\" style=\"--awb-bg-size:cover;width:33.333333333333%;width:calc(33.333333333333% - ( ( 4% ) * 0.33333333333333 ) );margin-right: 4%;\"><div class=\"fusion-column-wrapper fusion-column-has-shadow fusion-flex-column-wrapper-legacy\"><div class=\"fusion-image-element fusion-image-align-center in-legacy-container\" style=\"text-align:center;--awb-caption-title-font-family:var(--h2_typography-font-family);--awb-caption-title-font-weight:var(--h2_typography-font-weight);--awb-caption-title-font-style:var(--h2_typography-font-style);--awb-caption-title-size:var(--h2_typography-font-size);--awb-caption-title-transform:var(--h2_typography-text-transform);--awb-caption-title-line-height:var(--h2_typography-line-height);--awb-caption-title-letter-spacing:var(--h2_typography-letter-spacing);\"><div class=\"imageframe-align-center\"><span class=\" fusion-imageframe imageframe-none imageframe-1 hover-type-none\"><img decoding=\"async\" width=\"900\" height=\"675\" alt=\"Das D\u00e4mmfundament\" src=\"https:\/\/isoquick.de\/en\/wp-content\/uploads\/2020\/04\/isoquick-daemmfundament_900.jpg\" class=\"img-responsive wp-image-107\" srcset=\"https:\/\/isoquick.de\/en\/wp-content\/uploads\/2020\/04\/isoquick-daemmfundament_900-200x150.jpg 200w, https:\/\/isoquick.de\/en\/wp-content\/uploads\/2020\/04\/isoquick-daemmfundament_900-400x300.jpg 400w, https:\/\/isoquick.de\/en\/wp-content\/uploads\/2020\/04\/isoquick-daemmfundament_900-600x450.jpg 600w, https:\/\/isoquick.de\/en\/wp-content\/uploads\/2020\/04\/isoquick-daemmfundament_900-800x600.jpg 800w, https:\/\/isoquick.de\/en\/wp-content\/uploads\/2020\/04\/isoquick-daemmfundament_900.jpg 900w\" sizes=\"(max-width: 800px) 100vw, 400px\" \/><\/span><\/div><\/div><div class=\"fusion-clearfix\"><\/div><\/div><\/div><div class=\"fusion-layout-column fusion_builder_column fusion-builder-column-4 fusion_builder_column_2_3 2_3 fusion-two-third fusion-column-last\" style=\"--awb-bg-size:cover;width:66.666666666667%;width:calc(66.666666666667% - ( ( 4% ) * 0.66666666666667 ) );\"><div class=\"fusion-column-wrapper fusion-column-has-shadow fusion-flex-column-wrapper-legacy\"><div class=\"fusion-text fusion-text-2\"><p>With ISOQUICK<sup>\u00ae<\/sup> insulating foundations, flexible application goes hand in hand with the highly thermally resistant and robust composition of the material.<\/p>\n<p>The ISOQUICK<sup>\u00ae<\/sup> modules consist of Peripor<sup>\u00ae<\/sup>, a water-resistant foam from the BASF\u00ae polystyrene range that was developed for applications subject to pressure and moisture.<\/p>\n<p>ISOQUICK<sup>\u00ae<\/sup> insulating foundations are based on the concept of raft foundations using a semi-rigid foundation slab. The simple geometry makes it the optimum insulation and also provides robust structural results. This concept dispenses with the need for complex concrete frost skirts,edge thickenings or strip foundations.<\/p>\n<p>This clever system enables a diverse range of insulation and concrete profiles. The modules are prefabricated individually and then joined together seamlessly on the construction site to virtually eliminate waste. What is more, complex and costly labour, including setting up and stripping formwork, can be done away with.<\/p>\n<p><span class=\"slogan\">ISOQUICK<sup>\u00ae<\/sup>\u2026without a doubt a genius profile!<\/span><\/p>\n<\/div><div class=\"fusion-text fusion-text-3\"><p>The pyramid-shaped button profile that is characteristic of ISOQUICK<sup>\u00ae<\/sup> provides unique advantages compared to smooth insulating panels. The individual components cannot shift during either installation or concreting and thus form a stable shutter. The patented structure also increases the stability of the building. Force resulting, for example, from ground pressure on one side of the building can be transmitted into the subsoil via the ISOQUICK<sup>\u00ae<\/sup> insulating foundation. The special shape of the edge pieces enables both a thermal bridge-free transition (<a href=\"https:\/\/isoquick.de\/en\/daemmfundament\/approvals-certificates\/\">certified passive house components<\/a>) to the adjoining walls as well as sealing according to DIN 18533.<\/p>\n<p>The ISOQUICK<sup>\u00ae<\/sup> insulating foundation is a well-designed comprehensive system with <a href=\"https:\/\/isoquick.de\/en\/daemmfundament\/approvals-certificates\/\">national technical approval<\/a> that takes into account the ongoing drive towards energy saving construction. Put some warm socks on your house and stand up to increasing energy prices: ISOQUICK<sup>\u00ae<\/sup> insulating foundations enable you to build in an ecologically sensible, future-oriented and cost-conscious manner.<\/p>\n<p><span class=\"slogan\">ISOQUICK\u00ae\u2026thinking ahead!<\/span><\/p>\n<\/div><div class=\"fusion-clearfix\"><\/div><\/div><\/div><div class=\"fusion-layout-column fusion_builder_column fusion-builder-column-5 fusion_builder_column_1_1 1_1 fusion-one-full fusion-column-first fusion-column-last\" style=\"--awb-bg-size:cover;\"><div class=\"fusion-column-wrapper fusion-column-has-shadow fusion-flex-column-wrapper-legacy\"><div class=\"fusion-clearfix\"><\/div><\/div><\/div><\/div><\/div><div class=\"fusion-fullwidth fullwidth-box fusion-builder-row-3 nonhundred-percent-fullwidth non-hundred-percent-height-scrolling\" style=\"--awb-border-radius-top-left:0px;--awb-border-radius-top-right:0px;--awb-border-radius-bottom-right:0px;--awb-border-radius-bottom-left:0px;--awb-padding-top:90px;--awb-padding-bottom:60px;--awb-background-color:#f2f7fb;--awb-flex-wrap:wrap;\" ><div class=\"fusion-builder-row fusion-row\"><div class=\"fusion-layout-column fusion_builder_column fusion-builder-column-6 fusion_builder_column_1_1 1_1 fusion-one-full fusion-column-first fusion-column-last\" style=\"--awb-bg-size:cover;\"><div class=\"fusion-column-wrapper fusion-column-has-shadow fusion-flex-column-wrapper-legacy\"><div class=\"fusion-title title fusion-title-3 fusion-sep-none fusion-title-text fusion-title-size-two\"><h2 class=\"fusion-title-heading title-heading-left\" style=\"margin:0;\">The basics of thermal insulation<\/h2><\/div><div class=\"fusion-clearfix\"><\/div><\/div><\/div><div class=\"fusion-layout-column fusion_builder_column fusion-builder-column-7 fusion_builder_column_1_2 1_2 fusion-one-half fusion-column-first\" style=\"--awb-bg-size:cover;width:50%;width:calc(50% - ( ( 4% ) * 0.5 ) );margin-right: 4%;\"><div class=\"fusion-column-wrapper fusion-column-has-shadow fusion-flex-column-wrapper-legacy\"><div class=\"fusion-title title fusion-title-4 fusion-sep-none fusion-title-text fusion-title-size-three\"><h3 class=\"fusion-title-heading title-heading-left\" style=\"margin:0;\">Thermal insulation<\/h3><\/div><div class=\"fusion-text fusion-text-4 red_fundament min-h-290\"><p>energy efficient construction. It has the greatest influence on a building\u2019s internal temperature and thus plays a major role in reducing heating costs. That\u2019s why there are special types of insulating materials available for every application. The experts from ISOQUICK<sup>\u00ae<\/sup> have a complete overview and will be happy to advise you.<\/p>\n<p>Regardless whether you require comprehensive insulation for low-energy, energy-plus or passive houses, it is important that the foundations, outer walls, windows and roof work together to provide an optimum building envelope, making the transition between the individual components especially important!<\/p>\n<\/div><div class=\"fusion-clearfix\"><\/div><\/div><\/div><div class=\"fusion-layout-column fusion_builder_column fusion-builder-column-8 fusion_builder_column_1_2 1_2 fusion-one-half fusion-column-last\" style=\"--awb-bg-size:cover;width:50%;width:calc(50% - ( ( 4% ) * 0.5 ) );\"><div class=\"fusion-column-wrapper fusion-column-has-shadow fusion-flex-column-wrapper-legacy\"><div class=\"fusion-title title fusion-title-5 fusion-sep-none fusion-title-text fusion-title-size-three\"><h3 class=\"fusion-title-heading title-heading-left\" style=\"margin:0;\">Sealing<\/h3><\/div><div class=\"fusion-text fusion-text-5 red_fundament min-h-290\"><p>Those planning an insulated foundation usually assume that the rooms above will be heated. The insulated foundation slab separates the living space from the ground below. In particular, the DIN 18 195 standard (building sealing) should be observed. The sealing concept forms part of the planning concept. Is a waterproof concrete tank or bitumen sealant recommended? Should standing water or percolating water be taken into account? Your professional partner ISOQUICK<sup>\u00ae<\/sup> will cover all these issues with you.<\/p>\n<\/div><div class=\"fusion-clearfix\"><\/div><\/div><\/div><div class=\"fusion-layout-column fusion_builder_column fusion-builder-column-9 fusion_builder_column_1_2 1_2 fusion-one-half fusion-column-first\" style=\"--awb-bg-size:cover;width:50%;width:calc(50% - ( ( 4% ) * 0.5 ) );margin-right: 4%;\"><div class=\"fusion-column-wrapper fusion-column-has-shadow fusion-flex-column-wrapper-legacy\"><div class=\"fusion-title title fusion-title-6 fusion-sep-none fusion-title-text fusion-title-size-three\"><h3 class=\"fusion-title-heading title-heading-left\" style=\"margin:0;\">Structural loading<\/h3><\/div><div class=\"fusion-text fusion-text-6 red_fundament min-h-290\"><p>No component affects the stability of a house more than the foundation, making thorough planning and execution extremely important. Technical terms such as compressive stress, shear stress, compression or the modulus of subgrade reactionpop up regularly. Because this decisive component cannot be repaired later on with minimal effort, you should rely on the professional expertise provided by ISOQUICK<sup>\u00ae<\/sup> right from the beginning.<\/p>\n<p><span class=\"fw600\">\u201eAnyone who builds a high tower must spend a great deal of time on the foundation\u201c<\/span><br \/>\n<em>Anton Bruckner<\/em><\/p>\n<\/div><div class=\"fusion-clearfix\"><\/div><\/div><\/div><div class=\"fusion-layout-column fusion_builder_column fusion-builder-column-10 fusion_builder_column_1_2 1_2 fusion-one-half fusion-column-last\" style=\"--awb-bg-size:cover;width:50%;width:calc(50% - ( ( 4% ) * 0.5 ) );\"><div class=\"fusion-column-wrapper fusion-column-has-shadow fusion-flex-column-wrapper-legacy\"><div class=\"fusion-title title fusion-title-7 fusion-sep-none fusion-title-text fusion-title-size-three\"><h3 class=\"fusion-title-heading title-heading-left\" style=\"margin:0;\">Concrete reinforcement<\/h3><\/div><div class=\"fusion-text fusion-text-7 red_fundament min-h-290\"><p>Concrete technology and reinforcement have the largest influence on structural loading, whereby practical construction considerations must always be taken into account. Slab overlap, steel fibre concrete or self-compacting concrete must be used effectively to ensure the success of the entire project.<\/p>\n<\/div><div class=\"fusion-clearfix\"><\/div><\/div><\/div><div class=\"fusion-layout-column fusion_builder_column fusion-builder-column-11 fusion_builder_column_1_2 1_2 fusion-one-half fusion-column-first\" style=\"--awb-bg-size:cover;width:50%;width:calc(50% - ( ( 4% ) * 0.5 ) );margin-right: 4%;\"><div class=\"fusion-column-wrapper fusion-column-has-shadow fusion-flex-column-wrapper-legacy\"><div class=\"fusion-title title fusion-title-8 fusion-sep-none fusion-title-text fusion-title-size-three\"><h3 class=\"fusion-title-heading title-heading-left\" style=\"margin:0;\">Frost-protected footings \u2013 drainage<\/h3><\/div><div class=\"fusion-text fusion-text-8 red_fundament min-h-290\"><p>The prerequisite for damage-free construction is a frost-protected footing for every building. A substantial component in this regard is properly functioning drainage. Based on a ground survey, various frost-protected footings can be used. The overall concept, however, should meet the requirements for energy efficient construction.<\/p>\n<\/div><div class=\"fusion-clearfix\"><\/div><\/div><\/div><div class=\"fusion-layout-column fusion_builder_column fusion-builder-column-12 fusion_builder_column_1_2 1_2 fusion-one-half fusion-column-last\" style=\"--awb-bg-size:cover;width:50%;width:calc(50% - ( ( 4% ) * 0.5 ) );\"><div class=\"fusion-column-wrapper fusion-column-has-shadow fusion-flex-column-wrapper-legacy\"><div class=\"fusion-title title fusion-title-9 fusion-sep-none fusion-title-text fusion-title-size-three\"><h3 class=\"fusion-title-heading title-heading-left\" style=\"margin:0;\">Foundation earthing\/Ring earth electrodes<\/h3><\/div><div class=\"fusion-text fusion-text-9 red_fundament min-h-290\"><p>How to deal with the potential equalisation is a question that is repeatedly raised.<\/p>\n<p>If ground-embedded exterior walls and the foundation slab are furnished with perimeter insulation, the earthing in the floor slab will be ineffective. This makes it necessary to position a ring earth electrode beneath the perimeter insulation in the blinding layer, ideally in the damp subsoil. Corrosion-protected stainless steel (V4A, material number 1.4571) should be used.<\/p>\n<\/div><div class=\"fusion-clearfix\"><\/div><\/div><\/div><\/div><\/div><\/p>\n","protected":false},"excerpt":{"rendered":"","protected":false},"author":1,"featured_media":0,"parent":0,"menu_order":0,"comment_status":"closed","ping_status":"closed","template":"100-width.php","meta":{"footnotes":""},"class_list":["post-16","page","type-page","status-publish","hentry"],"yoast_head":"<!-- This site is optimized with the Yoast SEO plugin v26.7 - https:\/\/yoast.com\/wordpress\/plugins\/seo\/ -->\n<title>Thermal insulation for foundations | ISOQUICK\u00ae The Insulated Raft<\/title>\n<meta name=\"description\" content=\"Flexible application for thermal insulation \u27bd semi-rigid foundation slab \u27bd diverse range of insulation &amp; concrete profiles \u27bd thermal bridge-free transition.\" \/>\n<meta name=\"robots\" content=\"index, follow, max-snippet:-1, max-image-preview:large, max-video-preview:-1\" \/>\n<link rel=\"canonical\" href=\"https:\/\/isoquick.de\/en\/insulated-raft\/\" \/>\n<meta property=\"og:locale\" content=\"de_DE\" \/>\n<meta property=\"og:type\" content=\"article\" \/>\n<meta property=\"og:title\" content=\"Thermal insulation for foundations | ISOQUICK\u00ae The Insulated Raft\" \/>\n<meta property=\"og:description\" content=\"Flexible application for thermal insulation \u27bd semi-rigid foundation slab \u27bd diverse range of insulation &amp; concrete profiles \u27bd thermal bridge-free transition.\" \/>\n<meta property=\"og:url\" content=\"https:\/\/isoquick.de\/en\/insulated-raft\/\" \/>\n<meta property=\"og:site_name\" content=\"ISOQUICK\" \/>\n<meta property=\"article:modified_time\" content=\"2026-01-15T12:15:35+00:00\" \/>\n<meta name=\"twitter:card\" content=\"summary_large_image\" \/>\n<meta name=\"twitter:label1\" content=\"Gesch\u00e4tzte Lesezeit\" \/>\n\t<meta name=\"twitter:data1\" content=\"5\u00a0Minuten\" \/>\n<script type=\"application\/ld+json\" class=\"yoast-schema-graph\">{\"@context\":\"https:\/\/schema.org\",\"@graph\":[{\"@type\":\"WebPage\",\"@id\":\"https:\/\/isoquick.de\/en\/insulated-raft\/\",\"url\":\"https:\/\/isoquick.de\/en\/insulated-raft\/\",\"name\":\"Thermal insulation for foundations | ISOQUICK\u00ae The Insulated Raft\",\"isPartOf\":{\"@id\":\"https:\/\/isoquick.de\/en\/#website\"},\"datePublished\":\"2020-04-06T13:16:26+00:00\",\"dateModified\":\"2026-01-15T12:15:35+00:00\",\"description\":\"Flexible application for thermal insulation \u27bd semi-rigid foundation slab \u27bd diverse range of insulation & concrete profiles \u27bd thermal bridge-free transition.\",\"breadcrumb\":{\"@id\":\"https:\/\/isoquick.de\/en\/insulated-raft\/#breadcrumb\"},\"inLanguage\":\"de\",\"potentialAction\":[{\"@type\":\"ReadAction\",\"target\":[\"https:\/\/isoquick.de\/en\/insulated-raft\/\"]}]},{\"@type\":\"BreadcrumbList\",\"@id\":\"https:\/\/isoquick.de\/en\/insulated-raft\/#breadcrumb\",\"itemListElement\":[{\"@type\":\"ListItem\",\"position\":1,\"name\":\"Startseite\",\"item\":\"https:\/\/isoquick.de\/en\/\"},{\"@type\":\"ListItem\",\"position\":2,\"name\":\"Insulated Raft\"}]},{\"@type\":\"WebSite\",\"@id\":\"https:\/\/isoquick.de\/en\/#website\",\"url\":\"https:\/\/isoquick.de\/en\/\",\"name\":\"ISOQUICK\",\"description\":\"Das D\u00e4mmfundament f\u00fcr energieeffiziente Geb\u00e4ude\",\"potentialAction\":[{\"@type\":\"SearchAction\",\"target\":{\"@type\":\"EntryPoint\",\"urlTemplate\":\"https:\/\/isoquick.de\/en\/?s={search_term_string}\"},\"query-input\":{\"@type\":\"PropertyValueSpecification\",\"valueRequired\":true,\"valueName\":\"search_term_string\"}}],\"inLanguage\":\"de\"}]}<\/script>\n<!-- \/ Yoast SEO plugin. -->","yoast_head_json":{"title":"Thermal insulation for foundations | ISOQUICK\u00ae The Insulated Raft","description":"Flexible application for thermal insulation \u27bd semi-rigid foundation slab \u27bd diverse range of insulation & concrete profiles \u27bd thermal bridge-free transition.","robots":{"index":"index","follow":"follow","max-snippet":"max-snippet:-1","max-image-preview":"max-image-preview:large","max-video-preview":"max-video-preview:-1"},"canonical":"https:\/\/isoquick.de\/en\/insulated-raft\/","og_locale":"de_DE","og_type":"article","og_title":"Thermal insulation for foundations | ISOQUICK\u00ae The Insulated Raft","og_description":"Flexible application for thermal insulation \u27bd semi-rigid foundation slab \u27bd diverse range of insulation & concrete profiles \u27bd thermal bridge-free transition.","og_url":"https:\/\/isoquick.de\/en\/insulated-raft\/","og_site_name":"ISOQUICK","article_modified_time":"2026-01-15T12:15:35+00:00","twitter_card":"summary_large_image","twitter_misc":{"Gesch\u00e4tzte Lesezeit":"5\u00a0Minuten"},"schema":{"@context":"https:\/\/schema.org","@graph":[{"@type":"WebPage","@id":"https:\/\/isoquick.de\/en\/insulated-raft\/","url":"https:\/\/isoquick.de\/en\/insulated-raft\/","name":"Thermal insulation for foundations | ISOQUICK\u00ae The Insulated Raft","isPartOf":{"@id":"https:\/\/isoquick.de\/en\/#website"},"datePublished":"2020-04-06T13:16:26+00:00","dateModified":"2026-01-15T12:15:35+00:00","description":"Flexible application for thermal insulation \u27bd semi-rigid foundation slab \u27bd diverse range of insulation & concrete profiles \u27bd thermal bridge-free transition.","breadcrumb":{"@id":"https:\/\/isoquick.de\/en\/insulated-raft\/#breadcrumb"},"inLanguage":"de","potentialAction":[{"@type":"ReadAction","target":["https:\/\/isoquick.de\/en\/insulated-raft\/"]}]},{"@type":"BreadcrumbList","@id":"https:\/\/isoquick.de\/en\/insulated-raft\/#breadcrumb","itemListElement":[{"@type":"ListItem","position":1,"name":"Startseite","item":"https:\/\/isoquick.de\/en\/"},{"@type":"ListItem","position":2,"name":"Insulated Raft"}]},{"@type":"WebSite","@id":"https:\/\/isoquick.de\/en\/#website","url":"https:\/\/isoquick.de\/en\/","name":"ISOQUICK","description":"Das D\u00e4mmfundament f\u00fcr energieeffiziente Geb\u00e4ude","potentialAction":[{"@type":"SearchAction","target":{"@type":"EntryPoint","urlTemplate":"https:\/\/isoquick.de\/en\/?s={search_term_string}"},"query-input":{"@type":"PropertyValueSpecification","valueRequired":true,"valueName":"search_term_string"}}],"inLanguage":"de"}]}},"_links":{"self":[{"href":"https:\/\/isoquick.de\/en\/wp-json\/wp\/v2\/pages\/16","targetHints":{"allow":["GET"]}}],"collection":[{"href":"https:\/\/isoquick.de\/en\/wp-json\/wp\/v2\/pages"}],"about":[{"href":"https:\/\/isoquick.de\/en\/wp-json\/wp\/v2\/types\/page"}],"author":[{"embeddable":true,"href":"https:\/\/isoquick.de\/en\/wp-json\/wp\/v2\/users\/1"}],"replies":[{"embeddable":true,"href":"https:\/\/isoquick.de\/en\/wp-json\/wp\/v2\/comments?post=16"}],"version-history":[{"count":37,"href":"https:\/\/isoquick.de\/en\/wp-json\/wp\/v2\/pages\/16\/revisions"}],"predecessor-version":[{"id":601,"href":"https:\/\/isoquick.de\/en\/wp-json\/wp\/v2\/pages\/16\/revisions\/601"}],"wp:attachment":[{"href":"https:\/\/isoquick.de\/en\/wp-json\/wp\/v2\/media?parent=16"}],"curies":[{"name":"wp","href":"https:\/\/api.w.org\/{rel}","templated":true}]}}