{"id":126,"date":"2020-04-07T16:58:50","date_gmt":"2020-04-07T14:58:50","guid":{"rendered":"http:\/\/neu.isoquick.de\/en\/?page_id=126"},"modified":"2026-01-15T13:15:57","modified_gmt":"2026-01-15T12:15:57","slug":"approvals-certificates","status":"publish","type":"page","link":"https:\/\/isoquick.de\/en\/insulated-raft\/approvals-certificates\/","title":{"rendered":"Approvals and Certificates"},"content":{"rendered":"<p><div class=\"fusion-fullwidth fullwidth-box fusion-builder-row-1 fusion-flex-container has-pattern-background has-mask-background fusion-parallax-none nonhundred-percent-fullwidth non-hundred-percent-height-scrolling\" style=\"--awb-background-position:center top;--awb-border-radius-top-left:0px;--awb-border-radius-top-right:0px;--awb-border-radius-bottom-right:0px;--awb-border-radius-bottom-left:0px;--awb-padding-top:180px;--awb-padding-bottom:60px;--awb-background-image:url(&quot;https:\/\/isoquick.de\/en\/wp-content\/uploads\/2020\/04\/slide_1-scaled.jpg&quot;);--awb-background-size:cover;--awb-flex-wrap:wrap;\" ><div class=\"fusion-builder-row fusion-row fusion-flex-align-items-flex-start fusion-flex-content-wrap\" style=\"max-width:1248px;margin-left: calc(-4% \/ 2 );margin-right: calc(-4% \/ 2 );\"><div class=\"fusion-layout-column fusion_builder_column fusion-builder-column-0 fusion_builder_column_4_5 4_5 fusion-flex-column\" style=\"--awb-padding-top:20px;--awb-padding-right:20px;--awb-padding-bottom:20px;--awb-padding-left:20px;--awb-bg-color:var(--awb-color1);--awb-bg-color-hover:var(--awb-color1);--awb-bg-size:cover;--awb-width-large:80%;--awb-margin-top-large:0px;--awb-spacing-right-large:2.4%;--awb-margin-bottom-large:0px;--awb-spacing-left-large:2.4%;--awb-width-medium:100%;--awb-order-medium:0;--awb-spacing-right-medium:1.92%;--awb-spacing-left-medium:1.92%;--awb-width-small:100%;--awb-order-small:0;--awb-spacing-right-small:1.92%;--awb-spacing-left-small:1.92%;\" data-scroll-devices=\"small-visibility,medium-visibility,large-visibility\"><div class=\"fusion-column-wrapper fusion-column-has-shadow fusion-flex-justify-content-flex-start fusion-content-layout-column\"><div class=\"fusion-title title fusion-title-1 fusion-sep-none fusion-title-text fusion-title-size-one\" style=\"--awb-margin-top:0px;--awb-margin-bottom:0px;--awb-margin-top-small:0px;--awb-margin-bottom-small:0px;\"><h1 class=\"fusion-title-heading title-heading-left\" style=\"margin:0;\">The insulating foundation for energy efficient buildings<\/h1><\/div><\/div><\/div><div class=\"fusion-layout-column fusion_builder_column fusion-builder-column-1 fusion_builder_column_4_5 4_5 fusion-flex-column\" style=\"--awb-padding-top:20px;--awb-padding-right:20px;--awb-padding-bottom:20px;--awb-padding-left:20px;--awb-bg-color:var(--awb-custom11);--awb-bg-color-hover:var(--awb-custom11);--awb-bg-size:cover;--awb-width-large:80%;--awb-margin-top-large:0px;--awb-spacing-right-large:2.4%;--awb-margin-bottom-large:0px;--awb-spacing-left-large:2.4%;--awb-width-medium:100%;--awb-order-medium:0;--awb-spacing-right-medium:1.92%;--awb-spacing-left-medium:1.92%;--awb-width-small:100%;--awb-order-small:0;--awb-spacing-right-small:1.92%;--awb-spacing-left-small:1.92%;\" data-scroll-devices=\"small-visibility,medium-visibility,large-visibility\"><div class=\"fusion-column-wrapper fusion-column-has-shadow fusion-flex-justify-content-flex-start fusion-content-layout-column\"><div class=\"fusion-text fusion-text-1 fusion-text-no-margin\" style=\"--awb-text-color:var(--awb-color1);\"><p>If you want to save energy in the future, you must literally start from the bottom up, since thermal insulation always begins at the foundation.<\/p>\n<\/div><\/div><\/div><\/div><\/div>\n<div class=\"fusion-fullwidth fullwidth-box fusion-builder-row-2 nonhundred-percent-fullwidth non-hundred-percent-height-scrolling\" style=\"--awb-border-radius-top-left:0px;--awb-border-radius-top-right:0px;--awb-border-radius-bottom-right:0px;--awb-border-radius-bottom-left:0px;--awb-padding-top:90px;--awb-padding-bottom:60px;--awb-flex-wrap:wrap;\" ><div class=\"fusion-builder-row fusion-row\"><div class=\"fusion-layout-column fusion_builder_column fusion-builder-column-2 fusion_builder_column_1_1 1_1 fusion-one-full fusion-column-first fusion-column-last\" style=\"--awb-bg-size:cover;\"><div class=\"fusion-column-wrapper fusion-column-has-shadow fusion-flex-column-wrapper-legacy\"><div class=\"fusion-title title fusion-title-2 fusion-sep-none fusion-title-text fusion-title-size-one\"><h1 class=\"fusion-title-heading title-heading-left\" style=\"margin:0;\">Approvals and Certificates<\/h1><\/div><div class=\"fusion-clearfix\"><\/div><\/div><\/div><div class=\"fusion-layout-column fusion_builder_column fusion-builder-column-3 fusion_builder_column_1_1 1_1 fusion-one-full fusion-column-first fusion-column-last\" style=\"--awb-bg-size:cover;--awb-margin-top:50px;\"><div class=\"fusion-column-wrapper fusion-column-has-shadow fusion-flex-column-wrapper-legacy\"><div class=\"fusion-title title fusion-title-3 fusion-sep-none fusion-title-text fusion-title-size-three\"><h3 class=\"fusion-title-heading title-heading-left\" style=\"margin:0;\">Technical specifications<\/h3><\/div><ul style=\"--awb-iconcolor:#e3000b;--awb-line-height:27.2px;--awb-icon-width:27.2px;--awb-icon-height:27.2px;--awb-icon-margin:11.2px;--awb-content-margin:38.4px;\" class=\"fusion-checklist fusion-checklist-1 fusion-checklist-default type-icons\"><li class=\"fusion-li-item\" style=\"\"><span class=\"icon-wrapper circle-no\"><i class=\"fusion-li-icon fa-file-pdf fas\" aria-hidden=\"true\"><\/i><\/span><div class=\"fusion-li-item-content\"><a href=\"https:\/\/isoquick.de\/en\/wp-content\/uploads\/2020\/04\/WB-Dokumentation_Isoquick.pdf\" target=\"_blank\" rel=\"noopener noreferrer\">Zertifizierungsunterlagen w\u00e4rmebru\u0308ckenfreier Anschluss w\u00e4rmeged\u00e4mmte Bodenwanne<\/a><\/div><\/li><li class=\"fusion-li-item\" style=\"\"><span class=\"icon-wrapper circle-no\"><i class=\"fusion-li-icon fa-file-pdf fas\" aria-hidden=\"true\"><\/i><\/span><div class=\"fusion-li-item-content\"><a href=\"https:\/\/isoquick.de\/en\/wp-content\/uploads\/2020\/04\/produktdatenblatt_bodenwanne_1.pdf\" target=\"_blank\" rel=\"noopener noreferrer\">Produktdatenblatt ISOQUICK D\u00e4mmfundament 1 von 2<\/a><\/div><\/li><li class=\"fusion-li-item\" style=\"\"><span class=\"icon-wrapper circle-no\"><i class=\"fusion-li-icon fa-file-pdf fas\" aria-hidden=\"true\"><\/i><\/span><div class=\"fusion-li-item-content\"><a href=\"https:\/\/isoquick.de\/en\/wp-content\/uploads\/2020\/04\/produktdatenblatt_bodenwanne_2.pdf\" target=\"_blank\" rel=\"noopener noreferrer\">Produktdatenblatt ISOQUICK Bodenwanne 2 von 2<\/a><\/div><\/li><li class=\"fusion-li-item\" style=\"\"><span class=\"icon-wrapper circle-no\"><i class=\"fusion-li-icon fa-file-pdf fas\" aria-hidden=\"true\"><\/i><\/span><div class=\"fusion-li-item-content\"><a href=\"https:\/\/isoquick.de\/en\/wp-content\/uploads\/2020\/04\/tabelle_u_werte.pdf\" target=\"_blank\" rel=\"noopener noreferrer\">U-Werte Tabelle Concrete Slab<\/a><\/div><\/li><li class=\"fusion-li-item\" style=\"\"><span class=\"icon-wrapper circle-no\"><i class=\"fusion-li-icon fa-file-pdf fas\" aria-hidden=\"true\"><\/i><\/span><div class=\"fusion-li-item-content\"><a href=\"https:\/\/isoquick.de\/en\/wp-content\/uploads\/2020\/04\/Passivhaus-Institut-PB35_S120-123.pdf\" target=\"_blank\" rel=\"noopener noreferrer\">Passivhaus: Standardl\u00f6sung: Rundumlaufende Thermal Insulation unter der Concrete Slab<\/a><\/div><\/li><\/ul><div class=\"fusion-clearfix\"><\/div><\/div><\/div><\/div><\/div><\/p>\n","protected":false},"excerpt":{"rendered":"","protected":false},"author":1,"featured_media":0,"parent":16,"menu_order":0,"comment_status":"closed","ping_status":"closed","template":"100-width.php","meta":{"footnotes":""},"class_list":["post-126","page","type-page","status-publish","hentry"],"yoast_head":"<!-- This site is optimized with the Yoast SEO plugin v26.7 - https:\/\/yoast.com\/wordpress\/plugins\/seo\/ -->\n<title>Thermal insulation for foundations | Approvals and Certificates<\/title>\n<meta name=\"description\" content=\"The ISOQUICK\u00ae-system for thermal insulation for foundations \u27bd national technical approval \u2713 sealing according to DIN 18533 \u2713 form a stable shutter \u2713\" \/>\n<meta name=\"robots\" content=\"index, follow, max-snippet:-1, max-image-preview:large, max-video-preview:-1\" \/>\n<link rel=\"canonical\" href=\"https:\/\/isoquick.de\/en\/insulated-raft\/approvals-certificates\/\" \/>\n<meta property=\"og:locale\" content=\"de_DE\" \/>\n<meta property=\"og:type\" content=\"article\" \/>\n<meta property=\"og:title\" content=\"Thermal insulation for foundations | Approvals and Certificates\" \/>\n<meta property=\"og:description\" content=\"The ISOQUICK\u00ae-system for thermal insulation for foundations \u27bd national technical approval \u2713 sealing according to DIN 18533 \u2713 form a stable shutter \u2713\" \/>\n<meta property=\"og:url\" content=\"https:\/\/isoquick.de\/en\/insulated-raft\/approvals-certificates\/\" \/>\n<meta property=\"og:site_name\" content=\"ISOQUICK\" \/>\n<meta property=\"article:modified_time\" content=\"2026-01-15T12:15:57+00:00\" \/>\n<meta name=\"twitter:card\" content=\"summary_large_image\" \/>\n<meta name=\"twitter:label1\" content=\"Gesch\u00e4tzte Lesezeit\" \/>\n\t<meta name=\"twitter:data1\" content=\"1\u00a0Minute\" \/>\n<script type=\"application\/ld+json\" class=\"yoast-schema-graph\">{\"@context\":\"https:\/\/schema.org\",\"@graph\":[{\"@type\":\"WebPage\",\"@id\":\"https:\/\/isoquick.de\/en\/insulated-raft\/approvals-certificates\/\",\"url\":\"https:\/\/isoquick.de\/en\/insulated-raft\/approvals-certificates\/\",\"name\":\"Thermal insulation for foundations | Approvals and Certificates\",\"isPartOf\":{\"@id\":\"https:\/\/isoquick.de\/en\/#website\"},\"datePublished\":\"2020-04-07T14:58:50+00:00\",\"dateModified\":\"2026-01-15T12:15:57+00:00\",\"description\":\"The ISOQUICK\u00ae-system for thermal insulation for foundations \u27bd national technical approval \u2713 sealing according to DIN 18533 \u2713 form a stable shutter \u2713\",\"breadcrumb\":{\"@id\":\"https:\/\/isoquick.de\/en\/insulated-raft\/approvals-certificates\/#breadcrumb\"},\"inLanguage\":\"de\",\"potentialAction\":[{\"@type\":\"ReadAction\",\"target\":[\"https:\/\/isoquick.de\/en\/insulated-raft\/approvals-certificates\/\"]}]},{\"@type\":\"BreadcrumbList\",\"@id\":\"https:\/\/isoquick.de\/en\/insulated-raft\/approvals-certificates\/#breadcrumb\",\"itemListElement\":[{\"@type\":\"ListItem\",\"position\":1,\"name\":\"Startseite\",\"item\":\"https:\/\/isoquick.de\/en\/\"},{\"@type\":\"ListItem\",\"position\":2,\"name\":\"Insulated Raft\",\"item\":\"https:\/\/isoquick.de\/en\/insulated-raft\/\"},{\"@type\":\"ListItem\",\"position\":3,\"name\":\"Approvals and Certificates\"}]},{\"@type\":\"WebSite\",\"@id\":\"https:\/\/isoquick.de\/en\/#website\",\"url\":\"https:\/\/isoquick.de\/en\/\",\"name\":\"ISOQUICK\",\"description\":\"Das D\u00e4mmfundament f\u00fcr energieeffiziente Geb\u00e4ude\",\"potentialAction\":[{\"@type\":\"SearchAction\",\"target\":{\"@type\":\"EntryPoint\",\"urlTemplate\":\"https:\/\/isoquick.de\/en\/?s={search_term_string}\"},\"query-input\":{\"@type\":\"PropertyValueSpecification\",\"valueRequired\":true,\"valueName\":\"search_term_string\"}}],\"inLanguage\":\"de\"}]}<\/script>\n<!-- \/ Yoast SEO plugin. -->","yoast_head_json":{"title":"Thermal insulation for foundations | Approvals and Certificates","description":"The ISOQUICK\u00ae-system for thermal insulation for foundations \u27bd national technical approval \u2713 sealing according to DIN 18533 \u2713 form a stable shutter \u2713","robots":{"index":"index","follow":"follow","max-snippet":"max-snippet:-1","max-image-preview":"max-image-preview:large","max-video-preview":"max-video-preview:-1"},"canonical":"https:\/\/isoquick.de\/en\/insulated-raft\/approvals-certificates\/","og_locale":"de_DE","og_type":"article","og_title":"Thermal insulation for foundations | Approvals and Certificates","og_description":"The ISOQUICK\u00ae-system for thermal insulation for foundations \u27bd national technical approval \u2713 sealing according to DIN 18533 \u2713 form a stable shutter \u2713","og_url":"https:\/\/isoquick.de\/en\/insulated-raft\/approvals-certificates\/","og_site_name":"ISOQUICK","article_modified_time":"2026-01-15T12:15:57+00:00","twitter_card":"summary_large_image","twitter_misc":{"Gesch\u00e4tzte Lesezeit":"1\u00a0Minute"},"schema":{"@context":"https:\/\/schema.org","@graph":[{"@type":"WebPage","@id":"https:\/\/isoquick.de\/en\/insulated-raft\/approvals-certificates\/","url":"https:\/\/isoquick.de\/en\/insulated-raft\/approvals-certificates\/","name":"Thermal insulation for foundations | Approvals and Certificates","isPartOf":{"@id":"https:\/\/isoquick.de\/en\/#website"},"datePublished":"2020-04-07T14:58:50+00:00","dateModified":"2026-01-15T12:15:57+00:00","description":"The ISOQUICK\u00ae-system for thermal insulation for foundations \u27bd national technical approval \u2713 sealing according to DIN 18533 \u2713 form a stable shutter \u2713","breadcrumb":{"@id":"https:\/\/isoquick.de\/en\/insulated-raft\/approvals-certificates\/#breadcrumb"},"inLanguage":"de","potentialAction":[{"@type":"ReadAction","target":["https:\/\/isoquick.de\/en\/insulated-raft\/approvals-certificates\/"]}]},{"@type":"BreadcrumbList","@id":"https:\/\/isoquick.de\/en\/insulated-raft\/approvals-certificates\/#breadcrumb","itemListElement":[{"@type":"ListItem","position":1,"name":"Startseite","item":"https:\/\/isoquick.de\/en\/"},{"@type":"ListItem","position":2,"name":"Insulated Raft","item":"https:\/\/isoquick.de\/en\/insulated-raft\/"},{"@type":"ListItem","position":3,"name":"Approvals and Certificates"}]},{"@type":"WebSite","@id":"https:\/\/isoquick.de\/en\/#website","url":"https:\/\/isoquick.de\/en\/","name":"ISOQUICK","description":"Das D\u00e4mmfundament f\u00fcr energieeffiziente Geb\u00e4ude","potentialAction":[{"@type":"SearchAction","target":{"@type":"EntryPoint","urlTemplate":"https:\/\/isoquick.de\/en\/?s={search_term_string}"},"query-input":{"@type":"PropertyValueSpecification","valueRequired":true,"valueName":"search_term_string"}}],"inLanguage":"de"}]}},"_links":{"self":[{"href":"https:\/\/isoquick.de\/en\/wp-json\/wp\/v2\/pages\/126","targetHints":{"allow":["GET"]}}],"collection":[{"href":"https:\/\/isoquick.de\/en\/wp-json\/wp\/v2\/pages"}],"about":[{"href":"https:\/\/isoquick.de\/en\/wp-json\/wp\/v2\/types\/page"}],"author":[{"embeddable":true,"href":"https:\/\/isoquick.de\/en\/wp-json\/wp\/v2\/users\/1"}],"replies":[{"embeddable":true,"href":"https:\/\/isoquick.de\/en\/wp-json\/wp\/v2\/comments?post=126"}],"version-history":[{"count":17,"href":"https:\/\/isoquick.de\/en\/wp-json\/wp\/v2\/pages\/126\/revisions"}],"predecessor-version":[{"id":602,"href":"https:\/\/isoquick.de\/en\/wp-json\/wp\/v2\/pages\/126\/revisions\/602"}],"up":[{"embeddable":true,"href":"https:\/\/isoquick.de\/en\/wp-json\/wp\/v2\/pages\/16"}],"wp:attachment":[{"href":"https:\/\/isoquick.de\/en\/wp-json\/wp\/v2\/media?parent=126"}],"curies":[{"name":"wp","href":"https:\/\/api.w.org\/{rel}","templated":true}]}}